{"id":3507,"date":"2022-06-04T02:23:09","date_gmt":"2022-06-04T00:23:09","guid":{"rendered":"https:\/\/corpusgratus.com\/?post_type=product&#038;p=3507"},"modified":"2025-06-08T08:44:37","modified_gmt":"2025-06-08T06:44:37","slug":"set-incensario-redondo-com-cx-fosforo","status":"publish","type":"product","link":"https:\/\/corpusgratus.com\/en\/webshop\/produtos-ceramica\/set-incensario-redondo-com-cx-fosforo\/","title":{"rendered":"Round Censer Set with matchbox"},"content":{"rendered":"<p>Set de Incens\u00e1rio de cer\u00e2mica, redondo, com caixa de f\u00f3sforo decorada.<\/p>\n<p>Cer\u00e2mica de alta temperatura, cor mostarda.<\/p>\n<p>Tamanho: 15cm di\u00e2m.<\/p>\n<p>Peso: 220g<\/p>\n<p>&nbsp;<\/p>","protected":false},"excerpt":{"rendered":"<p>Ceramic round censer set, with matching matchbox center, in mustard color, to make your relaxation space even more pleasant.<\/p>\n<p>&nbsp;<\/p>","protected":false},"featured_media":3530,"comment_status":"open","ping_status":"closed","template":"","meta":[],"product_brand":[],"product_cat":[25],"product_tag":[78,86,82,85,87],"class_list":{"0":"post-3507","1":"product","2":"type-product","3":"status-publish","4":"has-post-thumbnail","6":"product_cat-produtos-ceramica","7":"product_tag-ceramica","8":"product_tag-fosforo","9":"product_tag-incensario","10":"product_tag-incensario-redondo","11":"product_tag-set","13":"first","14":"instock","15":"featured","16":"taxable","17":"shipping-taxable","18":"purchasable","19":"product-type-simple"},"aioseo_notices":[],"_links":{"self":[{"href":"https:\/\/corpusgratus.com\/en\/wp-json\/wp\/v2\/product\/3507","targetHints":{"allow":["GET"]}}],"collection":[{"href":"https:\/\/corpusgratus.com\/en\/wp-json\/wp\/v2\/product"}],"about":[{"href":"https:\/\/corpusgratus.com\/en\/wp-json\/wp\/v2\/types\/product"}],"replies":[{"embeddable":true,"href":"https:\/\/corpusgratus.com\/en\/wp-json\/wp\/v2\/comments?post=3507"}],"wp:featuredmedia":[{"embeddable":true,"href":"https:\/\/corpusgratus.com\/en\/wp-json\/wp\/v2\/media\/3530"}],"wp:attachment":[{"href":"https:\/\/corpusgratus.com\/en\/wp-json\/wp\/v2\/media?parent=3507"}],"wp:term":[{"taxonomy":"product_brand","embeddable":true,"href":"https:\/\/corpusgratus.com\/en\/wp-json\/wp\/v2\/product_brand?post=3507"},{"taxonomy":"product_cat","embeddable":true,"href":"https:\/\/corpusgratus.com\/en\/wp-json\/wp\/v2\/product_cat?post=3507"},{"taxonomy":"product_tag","embeddable":true,"href":"https:\/\/corpusgratus.com\/en\/wp-json\/wp\/v2\/product_tag?post=3507"}],"curies":[{"name":"wp","href":"https:\/\/api.w.org\/{rel}","templated":true}]}}