{"id":3499,"date":"2022-06-03T18:27:35","date_gmt":"2022-06-03T16:27:35","guid":{"rendered":"https:\/\/corpusgratus.com\/?post_type=product&#038;p=3499"},"modified":"2022-10-21T05:12:42","modified_gmt":"2022-10-21T03:12:42","slug":"platter-de-quartzo-branco-banhado-a-ouro-com-pes-copia","status":"publish","type":"product","link":"https:\/\/corpusgratus.com\/en\/webshop\/deco-cristais\/mesa-posta\/platter\/platter-de-quartzo-branco-banhado-a-ouro-com-pes-copia\/","title":{"rendered":"White Quartz Platter (with feet) - Gold Plated"},"content":{"rendered":"<div class=\"product-description-short my-5\">O platter\u00a0de quartzo branco, com banho de ouro nas bordas traz um ar ainda mais sofisticado \u00e0 pedra em conjunto com seus p\u00e9s de lat\u00e3o.<\/div>\n<div class=\"product-action mt-4 position-relative\">\n<div class=\"product-request mt-5\">\n<div class=\"product\">\n<div id=\"product-description\" class=\"product-description style-1\">\n<div class=\"container\">\n<div class=\"product-description-item row mt-3 mt-md-5\">\n<div class=\"d-none w-100 active\">\n<div class=\"cms p-3 p-sm-0\">\n<p>As it is a natural product, color, size, shape and weight can vary, making each product unique.<\/p>\n<p>Tamanho:<\/p>\n<p>Peso:<\/p>\n<\/div>\n<\/div>\n<\/div>\n<\/div>\n<\/div>\n<div class=\"container\">\n<div id=\"yv-reviews\"><\/div>\n<div class=\"yv-qa\"><\/div>\n<\/div>\n<div class=\"container mt-5\">\n<div id=\"disqus_thread\"><\/div>\n<\/div>\n<div id=\"review-widget\"><\/div>\n<div class=\"NETREVIEWS_PRODUCT_REVIEWS\" data-product-id=\"2392986\"><\/div>\n<div id=\"smarthint-position-1\"><\/div>\n<div id=\"smarthint-position-2\"><\/div>\n<div id=\"smarthint-position-3\"><\/div>\n<div id=\"smarthint-position-4\"><\/div>\n<div id=\"smarthint-position-5\"><\/div>\n<\/div>\n<p>&nbsp;<\/p>\n<footer id=\"\" class=\"footer footer-4 f-pr-background\">\n<div class=\"footer-top f-sc-background\">\n<div class=\"container\">\n<div class=\"row justify-content-center align-items-start\">\n<div class=\"footer-newsletter\">\n<div class=\"row no-gutters justify-content-center align-items-center\">\n<div class=\"col-12 col-md-auto\">\n<div class=\"row no-gutters align-items-center justify-content-center mr-0 mr-md-5\">\n<div class=\"col-12 col-md-auto text-center\"><\/div>\n<div class=\"col-12 col-md-auto\"><\/div>\n<\/div>\n<\/div>\n<\/div>\n<\/div>\n<\/div>\n<\/div>\n<\/div>\n<\/footer>\n<\/div>\n<\/div>","protected":false},"excerpt":{"rendered":"<p>The white quartz platter is a beautiful and versatile piece, which can be used for decoration or to serve different kind of food.<\/p>","protected":false},"featured_media":3894,"comment_status":"open","ping_status":"closed","template":"","meta":[],"product_brand":[],"product_cat":[60,68,65],"product_tag":[92,90,94,126,100,108,91,88,95,89,98,93],"class_list":{"0":"post-3499","1":"product","2":"type-product","3":"status-publish","4":"has-post-thumbnail","6":"product_cat-deco-cristais","7":"product_cat-mesa-posta","8":"product_cat-platter","9":"product_tag-bandeja","10":"product_tag-banhado-a-ouro","11":"product_tag-branco","12":"product_tag-cristal","13":"product_tag-decoracao","14":"product_tag-festa","15":"product_tag-ouro","16":"product_tag-platter","17":"product_tag-platter-com-pes","18":"product_tag-prato","19":"product_tag-presente","20":"product_tag-quartzo","22":"first","23":"instock","24":"featured","25":"taxable","26":"shipping-taxable","27":"purchasable","28":"product-type-simple"},"aioseo_notices":[],"_links":{"self":[{"href":"https:\/\/corpusgratus.com\/en\/wp-json\/wp\/v2\/product\/3499","targetHints":{"allow":["GET"]}}],"collection":[{"href":"https:\/\/corpusgratus.com\/en\/wp-json\/wp\/v2\/product"}],"about":[{"href":"https:\/\/corpusgratus.com\/en\/wp-json\/wp\/v2\/types\/product"}],"replies":[{"embeddable":true,"href":"https:\/\/corpusgratus.com\/en\/wp-json\/wp\/v2\/comments?post=3499"}],"wp:featuredmedia":[{"embeddable":true,"href":"https:\/\/corpusgratus.com\/en\/wp-json\/wp\/v2\/media\/3894"}],"wp:attachment":[{"href":"https:\/\/corpusgratus.com\/en\/wp-json\/wp\/v2\/media?parent=3499"}],"wp:term":[{"taxonomy":"product_brand","embeddable":true,"href":"https:\/\/corpusgratus.com\/en\/wp-json\/wp\/v2\/product_brand?post=3499"},{"taxonomy":"product_cat","embeddable":true,"href":"https:\/\/corpusgratus.com\/en\/wp-json\/wp\/v2\/product_cat?post=3499"},{"taxonomy":"product_tag","embeddable":true,"href":"https:\/\/corpusgratus.com\/en\/wp-json\/wp\/v2\/product_tag?post=3499"}],"curies":[{"name":"wp","href":"https:\/\/api.w.org\/{rel}","templated":true}]}}