{"id":3487,"date":"2022-06-03T17:00:16","date_gmt":"2022-06-03T15:00:16","guid":{"rendered":"https:\/\/corpusgratus.com\/?post_type=product&#038;p=3487"},"modified":"2022-10-21T05:01:34","modified_gmt":"2022-10-21T03:01:34","slug":"platter-alto-de-agata-azul-com-banho-ouro","status":"publish","type":"product","link":"https:\/\/corpusgratus.com\/en\/webshop\/deco-cristais\/mesa-posta\/platter\/platter-alto-de-agata-azul-com-banho-ouro\/","title":{"rendered":"Blue Agate High Platter - Gold Plated"},"content":{"rendered":"<p>Elegante Platter alto de \u00e1gata azul e borda banhada em ouro com p\u00e9s em lat\u00e3o,\u00a0ideal para ser usado com bolos, doces ou queijos, na hora de montar uma mesa deslumbrante.<\/p>\n<p>As it is a natural product, color, size, shape and weight can vary, making each product unique.<\/p>\n<div class=\"product\">\n<div id=\"product-description\" class=\"product-description style-1\">\n<div class=\"container\">\n<div class=\"product-description-item row mt-3 mt-md-5\">\n<div class=\"d-none w-100 active\">\n<div class=\"cms p-3 p-sm-0\">\n<p>Tamanho: Aprox. 24cmX32cm de di\u00e2metro e 13cm de altura.<\/p>\n<p>Peso: 2kg.<\/p>\n<\/div>\n<\/div>\n<div class=\"w-100 no-gutters justify-content-center product-description-features px-3\"><\/div>\n<\/div>\n<\/div>\n<\/div>\n<div class=\"container\">\n<div id=\"yv-reviews\"><\/div>\n<div class=\"yv-qa\"><\/div>\n<\/div>\n<div class=\"container mt-5\">\n<div id=\"disqus_thread\"><\/div>\n<\/div>\n<div id=\"review-widget\"><\/div>\n<div class=\"NETREVIEWS_PRODUCT_REVIEWS\" data-product-id=\"2392998\"><\/div>\n<div id=\"smarthint-position-1\"><\/div>\n<div id=\"smarthint-position-2\"><\/div>\n<div id=\"smarthint-position-3\"><\/div>\n<div id=\"smarthint-position-4\"><\/div>\n<div id=\"smarthint-position-5\"><\/div>\n<\/div>\n<p>&nbsp;<\/p>\n<footer id=\"\" class=\"footer footer-4 f-pr-background\">\n<div class=\"footer-top f-sc-background\">\n<div class=\"container\">\n<div class=\"row justify-content-center align-items-start\">\n<div class=\"footer-newsletter\">\n<div class=\"row no-gutters justify-content-center align-items-center\">\n<div class=\"col-12 col-md-auto\">\n<div class=\"row no-gutters align-items-center justify-content-center mr-0 mr-md-5\">\n<div class=\"col-12 col-md-auto text-center\"><\/div>\n<div class=\"col-12 col-md-auto\"><\/div>\n<\/div>\n<\/div>\n<\/div>\n<\/div>\n<\/div>\n<\/div>\n<\/div>\n<\/footer>\n<div class=\"product-action mt-4 position-relative\">\n<div class=\"product-request mt-5\"><\/div>\n<\/div>","protected":false},"excerpt":{"rendered":"<p>Elegant high platter, in blue agate, ideal for cakes, sweets or cheeses, when setting up a stunning table.<\/p>\n<div class=\"product-description-short my-5\"><\/div>","protected":false},"featured_media":3541,"comment_status":"open","ping_status":"closed","template":"","meta":[],"product_brand":[],"product_cat":[60,68,65],"product_tag":[104,106,90,107,100,108,112,115,91,88,95],"class_list":{"0":"post-3487","1":"product","2":"type-product","3":"status-publish","4":"has-post-thumbnail","6":"product_cat-deco-cristais","7":"product_cat-mesa-posta","8":"product_cat-platter","9":"product_tag-agata","10":"product_tag-agata-azul","11":"product_tag-banhado-a-ouro","12":"product_tag-bolo","13":"product_tag-decoracao","14":"product_tag-festa","15":"product_tag-mesa","16":"product_tag-mesa-posta","17":"product_tag-ouro","18":"product_tag-platter","19":"product_tag-platter-com-pes","21":"first","22":"instock","23":"taxable","24":"shipping-taxable","25":"purchasable","26":"product-type-simple"},"aioseo_notices":[],"_links":{"self":[{"href":"https:\/\/corpusgratus.com\/en\/wp-json\/wp\/v2\/product\/3487","targetHints":{"allow":["GET"]}}],"collection":[{"href":"https:\/\/corpusgratus.com\/en\/wp-json\/wp\/v2\/product"}],"about":[{"href":"https:\/\/corpusgratus.com\/en\/wp-json\/wp\/v2\/types\/product"}],"replies":[{"embeddable":true,"href":"https:\/\/corpusgratus.com\/en\/wp-json\/wp\/v2\/comments?post=3487"}],"wp:featuredmedia":[{"embeddable":true,"href":"https:\/\/corpusgratus.com\/en\/wp-json\/wp\/v2\/media\/3541"}],"wp:attachment":[{"href":"https:\/\/corpusgratus.com\/en\/wp-json\/wp\/v2\/media?parent=3487"}],"wp:term":[{"taxonomy":"product_brand","embeddable":true,"href":"https:\/\/corpusgratus.com\/en\/wp-json\/wp\/v2\/product_brand?post=3487"},{"taxonomy":"product_cat","embeddable":true,"href":"https:\/\/corpusgratus.com\/en\/wp-json\/wp\/v2\/product_cat?post=3487"},{"taxonomy":"product_tag","embeddable":true,"href":"https:\/\/corpusgratus.com\/en\/wp-json\/wp\/v2\/product_tag?post=3487"}],"curies":[{"name":"wp","href":"https:\/\/api.w.org\/{rel}","templated":true}]}}