{"id":2009,"date":"2022-02-10T17:00:47","date_gmt":"2022-02-10T16:00:47","guid":{"rendered":"https:\/\/corpusgratus.com\/?post_type=product&#038;p=2009"},"modified":"2022-06-19T17:52:59","modified_gmt":"2022-06-19T15:52:59","slug":"namaste-modelo-ii","status":"publish","type":"product","link":"https:\/\/corpusgratus.com\/en\/webshop\/quadro-artesanal\/namaste-modelo-ii\/","title":{"rendered":"Namast\u00ea (model II)"},"content":{"rendered":"<p>Namast\u00ea (modelo II). Mini quadro. Arte po\u00e9tica em madeira reutilizada com detalhe de miniatura em pl\u00e1stico pintado &#8211; Budah.<\/p>","protected":false},"excerpt":{"rendered":"<p>Mini wooden frame with miniature Budah.<\/p>","protected":false},"featured_media":2063,"comment_status":"open","ping_status":"closed","template":"","meta":[],"product_brand":[],"product_cat":[43],"product_tag":[158,159,157],"class_list":{"0":"post-2009","1":"product","2":"type-product","3":"status-publish","4":"has-post-thumbnail","6":"product_cat-quadro-artesanal","7":"product_tag-buda","8":"product_tag-budah","9":"product_tag-namaste","11":"first","12":"instock","13":"sale","14":"taxable","15":"shipping-taxable","16":"purchasable","17":"product-type-simple"},"aioseo_notices":[],"_links":{"self":[{"href":"https:\/\/corpusgratus.com\/en\/wp-json\/wp\/v2\/product\/2009","targetHints":{"allow":["GET"]}}],"collection":[{"href":"https:\/\/corpusgratus.com\/en\/wp-json\/wp\/v2\/product"}],"about":[{"href":"https:\/\/corpusgratus.com\/en\/wp-json\/wp\/v2\/types\/product"}],"replies":[{"embeddable":true,"href":"https:\/\/corpusgratus.com\/en\/wp-json\/wp\/v2\/comments?post=2009"}],"wp:featuredmedia":[{"embeddable":true,"href":"https:\/\/corpusgratus.com\/en\/wp-json\/wp\/v2\/media\/2063"}],"wp:attachment":[{"href":"https:\/\/corpusgratus.com\/en\/wp-json\/wp\/v2\/media?parent=2009"}],"wp:term":[{"taxonomy":"product_brand","embeddable":true,"href":"https:\/\/corpusgratus.com\/en\/wp-json\/wp\/v2\/product_brand?post=2009"},{"taxonomy":"product_cat","embeddable":true,"href":"https:\/\/corpusgratus.com\/en\/wp-json\/wp\/v2\/product_cat?post=2009"},{"taxonomy":"product_tag","embeddable":true,"href":"https:\/\/corpusgratus.com\/en\/wp-json\/wp\/v2\/product_tag?post=2009"}],"curies":[{"name":"wp","href":"https:\/\/api.w.org\/{rel}","templated":true}]}}