{"id":2001,"date":"2022-02-10T17:00:46","date_gmt":"2022-02-10T16:00:46","guid":{"rendered":"https:\/\/corpusgratus.com\/?post_type=product&#038;p=2001"},"modified":"2022-06-19T17:51:34","modified_gmt":"2022-06-19T15:51:34","slug":"ame-reze-modelo-ii","status":"publish","type":"product","link":"https:\/\/corpusgratus.com\/en\/webshop\/quadro-artesanal\/ame-reze-modelo-ii\/","title":{"rendered":"Love Pray (model II)"},"content":{"rendered":"<p>Ame reze (modelo II). Mini quadro. Arte po\u00e9tica em madeira reutilizada com detalhe de flor (p\u00e9talas)em cer\u00e2mica de alta temperatura.<\/p>","protected":false},"excerpt":{"rendered":"<p>Mini wooden frame with flower petals in ceramic.<\/p>","protected":false},"featured_media":3586,"comment_status":"open","ping_status":"closed","template":"","meta":[],"product_brand":[],"product_cat":[43],"product_tag":[168,163,167,166,164,165],"class_list":{"0":"post-2001","1":"product","2":"type-product","3":"status-publish","4":"has-post-thumbnail","6":"product_cat-quadro-artesanal","7":"product_tag-acredite","8":"product_tag-ame","9":"product_tag-perdoe","10":"product_tag-relaxe","11":"product_tag-reze","12":"product_tag-sorria","14":"first","15":"instock","16":"sale","17":"taxable","18":"shipping-taxable","19":"purchasable","20":"product-type-simple"},"aioseo_notices":[],"_links":{"self":[{"href":"https:\/\/corpusgratus.com\/en\/wp-json\/wp\/v2\/product\/2001","targetHints":{"allow":["GET"]}}],"collection":[{"href":"https:\/\/corpusgratus.com\/en\/wp-json\/wp\/v2\/product"}],"about":[{"href":"https:\/\/corpusgratus.com\/en\/wp-json\/wp\/v2\/types\/product"}],"replies":[{"embeddable":true,"href":"https:\/\/corpusgratus.com\/en\/wp-json\/wp\/v2\/comments?post=2001"}],"wp:featuredmedia":[{"embeddable":true,"href":"https:\/\/corpusgratus.com\/en\/wp-json\/wp\/v2\/media\/3586"}],"wp:attachment":[{"href":"https:\/\/corpusgratus.com\/en\/wp-json\/wp\/v2\/media?parent=2001"}],"wp:term":[{"taxonomy":"product_brand","embeddable":true,"href":"https:\/\/corpusgratus.com\/en\/wp-json\/wp\/v2\/product_brand?post=2001"},{"taxonomy":"product_cat","embeddable":true,"href":"https:\/\/corpusgratus.com\/en\/wp-json\/wp\/v2\/product_cat?post=2001"},{"taxonomy":"product_tag","embeddable":true,"href":"https:\/\/corpusgratus.com\/en\/wp-json\/wp\/v2\/product_tag?post=2001"}],"curies":[{"name":"wp","href":"https:\/\/api.w.org\/{rel}","templated":true}]}}