{"id":3,"date":"2022-01-17T13:25:44","date_gmt":"2022-01-17T16:25:44","guid":{"rendered":"https:\/\/corpusgratus.com\/?page_id=3"},"modified":"2022-03-30T19:53:16","modified_gmt":"2022-03-30T17:53:16","slug":"politica-de-privacidade","status":"publish","type":"page","link":"https:\/\/corpusgratus.com\/en\/politica-de-privacidade\/","title":{"rendered":"Pol\u00edtica de privacidade"},"content":{"rendered":"<div data-elementor-type=\"wp-page\" data-elementor-id=\"3\" class=\"elementor elementor-3\" data-elementor-post-type=\"page\">\n\t\t\t\t\t\t<section class=\"elementor-section elementor-top-section elementor-element elementor-element-44d86258 elementor-section-full_width elementor-section-height-default elementor-section-height-default\" data-id=\"44d86258\" data-element_type=\"section\">\n\t\t\t\t\t\t<div class=\"elementor-container elementor-column-gap-no\">\n\t\t\t\t\t<div class=\"elementor-column elementor-col-100 elementor-top-column elementor-element elementor-element-418ea42c\" data-id=\"418ea42c\" data-element_type=\"column\">\n\t\t\t<div class=\"elementor-widget-wrap elementor-element-populated\">\n\t\t\t\t\t\t<div class=\"elementor-element elementor-element-734937d8 elementor-widget elementor-widget-shortcode\" data-id=\"734937d8\" data-element_type=\"widget\" data-widget_type=\"shortcode.default\">\n\t\t\t\t<div class=\"elementor-widget-container\">\n\t\t\t\t\t\t\t<div class=\"elementor-shortcode\"><\/div>\n\t\t\t\t\t\t<\/div>\n\t\t\t\t<\/div>\n\t\t\t\t\t<\/div>\n\t\t<\/div>\n\t\t\t\t\t<\/div>\n\t\t<\/section>\n\t\t\t\t<section class=\"elementor-section elementor-top-section elementor-element elementor-element-7bf3345d elementor-section-full_width elementor-section-height-default elementor-section-height-default\" data-id=\"7bf3345d\" data-element_type=\"section\">\n\t\t\t\t\t\t<div class=\"elementor-container elementor-column-gap-no\">\n\t\t\t\t\t<div class=\"elementor-column elementor-col-100 elementor-top-column elementor-element elementor-element-2d85df5d\" data-id=\"2d85df5d\" data-element_type=\"column\">\n\t\t\t<div class=\"elementor-widget-wrap elementor-element-populated\">\n\t\t\t\t\t\t<div class=\"elementor-element elementor-element-82ae969 elementor-widget elementor-widget-shortcode\" data-id=\"82ae969\" data-element_type=\"widget\" data-widget_type=\"shortcode.default\">\n\t\t\t\t<div class=\"elementor-widget-container\">\n\t\t\t\t\t\t\t<div class=\"elementor-shortcode\">\t\t<div data-elementor-type=\"page\" data-elementor-id=\"729\" class=\"elementor elementor-729\" data-elementor-post-type=\"elementor_library\">\n\t\t\t\t\t\t<section class=\"elementor-section elementor-top-section elementor-element elementor-element-e52a42e elementor-section-boxed elementor-section-height-default elementor-section-height-default\" data-id=\"e52a42e\" data-element_type=\"section\">\n\t\t\t\t\t\t<div class=\"elementor-container elementor-column-gap-wide\">\n\t\t\t\t\t<div class=\"elementor-column elementor-col-100 elementor-top-column elementor-element elementor-element-97260e4\" data-id=\"97260e4\" data-element_type=\"column\">\n\t\t\t<div class=\"elementor-widget-wrap elementor-element-populated\">\n\t\t\t\t\t\t<div class=\"elementor-element elementor-element-e1a0c31 elementor-widget elementor-widget-woocommerce-breadcrumb\" data-id=\"e1a0c31\" data-element_type=\"widget\" data-widget_type=\"woocommerce-breadcrumb.default\">\n\t\t\t\t<div class=\"elementor-widget-container\">\n\t\t\t\t\t<nav class=\"woocommerce-breadcrumb\" aria-label=\"Breadcrumb\">Home<\/nav>\t\t\t\t<\/div>\n\t\t\t\t<\/div>\n\t\t\t\t\t<\/div>\n\t\t<\/div>\n\t\t\t\t\t<\/div>\n\t\t<\/section>\n\t\t\t\t<\/div>\n\t\t<\/div>\n\t\t\t\t\t\t<\/div>\n\t\t\t\t<\/div>\n\t\t\t\t\t<\/div>\n\t\t<\/div>\n\t\t\t\t\t<\/div>\n\t\t<\/section>\n\t\t\t\t<section class=\"elementor-section elementor-top-section elementor-element elementor-element-da4a114 elementor-section-boxed elementor-section-height-default elementor-section-height-default\" data-id=\"da4a114\" data-element_type=\"section\">\n\t\t\t\t\t\t<div class=\"elementor-container elementor-column-gap-default\">\n\t\t\t\t\t<div class=\"elementor-column elementor-col-100 elementor-top-column elementor-element elementor-element-d4e1693\" data-id=\"d4e1693\" data-element_type=\"column\">\n\t\t\t<div class=\"elementor-widget-wrap elementor-element-populated\">\n\t\t\t\t\t\t<div class=\"elementor-element elementor-element-607f6de elementor-widget elementor-widget-text-editor\" data-id=\"607f6de\" data-element_type=\"widget\" data-widget_type=\"text-editor.default\">\n\t\t\t\t<div class=\"elementor-widget-container\">\n\t\t\t\t\t\t\t\t\t<section class=\"elementor-section elementor-inner-section elementor-element elementor-element-5750819e elementor-section-boxed elementor-section-height-default elementor-section-height-default\" data-id=\"5750819e\" data-element_type=\"section\"><div class=\"elementor-container elementor-column-gap-default\"><div class=\"elementor-column elementor-col-100 elementor-inner-column elementor-element elementor-element-4e17bf50\" data-id=\"4e17bf50\" data-element_type=\"column\"><div class=\"elementor-widget-wrap elementor-element-populated\"><div class=\"elementor-element elementor-element-8021c55 contact elementor-widget elementor-widget-text-editor\" data-id=\"8021c55\" data-element_type=\"widget\" data-widget_type=\"text-editor.default\"><div class=\"elementor-widget-container\"><p>A Corpus Gratus, localizada em Herengracht 213 &#8211; II, 1016 BG Amsterdam, \u00e9 respons\u00e1vel pelo processamento de dados pessoais conforme mostrado nesta declara\u00e7\u00e3o de privacidade.<\/p><p>Nossas informa\u00e7\u00f5es de contato:<\/p><ul><li>Corpus Gratus<\/li><li>https:\/\/www.corpusgratus.com<\/li><li>Herengracht 213 &#8211; II, 1016 BG Amsterdam, The Netherlands<\/li><li>+31 6 119 988 13<\/li><li>k.v.k.: 77666593<\/li><li>Btw id: NL003221815B45<\/li><\/ul><p>\u00a0<\/p><\/div><\/div><\/div><\/div><\/div><\/section><section class=\"elementor-section elementor-inner-section elementor-element elementor-element-0fb4a3b elementor-section-boxed elementor-section-height-default elementor-section-height-default\" data-id=\"0fb4a3b\" data-element_type=\"section\"><div class=\"elementor-container elementor-column-gap-default\"><div class=\"elementor-column elementor-col-100 elementor-inner-column elementor-element elementor-element-0df6b50\" data-id=\"0df6b50\" data-element_type=\"column\"><div class=\"elementor-widget-wrap elementor-element-populated\"><div class=\"elementor-element elementor-element-2ad23c5 elementor-widget elementor-widget-heading\" data-id=\"2ad23c5\" data-element_type=\"widget\" data-widget_type=\"heading.default\"><div class=\"elementor-widget-container\"><h2 class=\"elementor-heading-title elementor-size-medium\">1. Sua privacidade<\/h2><\/div><\/div><div class=\"elementor-element elementor-element-eccf679 contact elementor-widget elementor-widget-text-editor\" data-id=\"eccf679\" data-element_type=\"widget\" data-widget_type=\"text-editor.default\"><div class=\"elementor-widget-container\"><ol><li style=\"list-style-type: none;\"><ol><li aria-level=\"2\">Para um bom tratamento \u00e9 necess\u00e1rio que eu, como seu terapeuta respons\u00e1vel, crie um arquivo. Esta \u00e9 uma obriga\u00e7\u00e3o legal imposta pela WGBO (Medical Treatment Agreement Act). Seu arquivo cont\u00e9m notas sobre sua sa\u00fade e dados sobre exames e tratamentos realizados.<\/li><li aria-level=\"2\">O arquivo tamb\u00e9m inclui informa\u00e7\u00f5es que s\u00e3o necess\u00e1rias para o seu tratamento ou que eu, ap\u00f3s sua permiss\u00e3o expl\u00edcita, solicitei a outro provedor de sa\u00fade ou que voc\u00ea mesmo forneceu.<\/li><li aria-level=\"2\">Garantimos a sua privacidade ao:<br \/>&#8211; Tratamos seus dados pessoais e m\u00e9dicos com cuidado;<br \/>&#8211; Como seu terapeuta respons\u00e1vel pelo tratamento, s\u00f3 eu tenho acesso aos dados de seu arquivo. Tenho o dever legal de sigilo (sigilo profissional).<\/li><li aria-level=\"2\">Os dados do seu arquivo tamb\u00e9m podem ser usados \u200b\u200bpara os seguintes fins:<br \/>&#8211; Para informar outros profissionais de sa\u00fade, por exemplo, quando a terapia for conclu\u00edda ou no caso de encaminhamento para outro m\u00e9dico. Isso s\u00f3 acontece com sua permiss\u00e3o expl\u00edcita.<br \/>&#8211; Para recomendar ervas e \/ ou suplementos na Farm\u00e1cia Natural.<br \/>&#8211; Nome, endere\u00e7o, local de resid\u00eancia e data de nascimento s\u00e3o usados \u200b\u200bpara a administra\u00e7\u00e3o financeira, para que eu ou a minha administra\u00e7\u00e3o possamos emitir uma fatura. Se voc\u00ea der permiss\u00e3o para isso no acordo de tratamento (voc\u00ea o assina antes do primeiro tratamento).<br \/>&#8211; Para uso an\u00f4nimo durante a revis\u00e3o por pares.<br \/>&#8211; Para uso an\u00f4nimo para fins de treinamento (durante est\u00e1gios e \/ ou nas minhas aulas (digitais)).<\/li><li aria-level=\"2\">Se eu quiser usar seus dados por qualquer outro motivo, primeiro irei inform\u00e1-lo e pedir explicitamente seu consentimento.<\/li><li aria-level=\"2\">Esses dados no arquivo do cliente s\u00e3o mantidos por 20 anos, conforme exigido pela Lei do Contrato de Tratamento M\u00e9dico (WGBO). Os dados s\u00e3o exclu\u00eddos automaticamente 20 anos ap\u00f3s o \u00faltimo tratamento. Voc\u00ea tem o direito de ver esses dados, de fazer com que sejam ajustados ou, por meio de um pedido por escrito, de remov\u00ea-los com anteced\u00eancia.<\/li><li aria-level=\"2\">Se voc\u00ea tiver uma reclama\u00e7\u00e3o sobre como eu lido com dados pessoais e m\u00e9dicos e n\u00e3o pudermos resolver isso juntos, voc\u00ea tem a op\u00e7\u00e3o de enviar uma reclama\u00e7\u00e3o \u00e0 Autoridade de Prote\u00e7\u00e3o de Dados Holandesa.<\/li><\/ol><\/li><\/ol><p>\u00a0<\/p><\/div><\/div><\/div><\/div><\/div><\/section><section class=\"elementor-section elementor-inner-section elementor-element elementor-element-4ed98789 elementor-section-boxed elementor-section-height-default elementor-section-height-default\" data-id=\"4ed98789\" data-element_type=\"section\"><div class=\"elementor-container elementor-column-gap-default\"><div class=\"elementor-column elementor-col-100 elementor-inner-column elementor-element elementor-element-a29d72a\" data-id=\"a29d72a\" data-element_type=\"column\"><div class=\"elementor-widget-wrap elementor-element-populated\"><div class=\"elementor-element elementor-element-4acb7274 elementor-widget elementor-widget-heading\" data-id=\"4acb7274\" data-element_type=\"widget\" data-widget_type=\"heading.default\"><div class=\"elementor-widget-container\"><h3 class=\"elementor-heading-title elementor-size-medium\">2. Privacidade na sua fatura<\/h3><\/div><\/div><div class=\"elementor-element elementor-element-6aab28e5 elementor-widget elementor-widget-text-editor\" data-id=\"6aab28e5\" data-element_type=\"widget\" data-widget_type=\"text-editor.default\"><div class=\"elementor-widget-container\"><ol><li>As seguintes informa\u00e7\u00f5es est\u00e3o inclu\u00eddas na fatura \/ conta de atendimento que voc\u00ea recebe:<br \/>&#8211; Seu nome, endere\u00e7o e local de resid\u00eancia<br \/>&#8211; A data do tratamento<br \/>&#8211; Uma breve descri\u00e7\u00e3o do tratamento, por exemplo &#8216;Tratamento Florais de Bach&#8217;<br \/>&#8211; Os custos da consulta e \/ ou ervas ou suplementos<\/li><\/ol><p>\u00a0<\/p><\/div><\/div><\/div><\/div><\/div><\/section><section class=\"elementor-section elementor-inner-section elementor-element elementor-element-2dfb2ae3 elementor-section-boxed elementor-section-height-default elementor-section-height-default\" data-id=\"2dfb2ae3\" data-element_type=\"section\"><div class=\"elementor-container elementor-column-gap-default\"><div class=\"elementor-column elementor-col-100 elementor-inner-column elementor-element elementor-element-1e66aa43\" data-id=\"1e66aa43\" data-element_type=\"column\"><div class=\"elementor-widget-wrap elementor-element-populated\"><div class=\"elementor-element elementor-element-541f6999 elementor-widget elementor-widget-heading\" data-id=\"541f6999\" data-element_type=\"widget\" data-widget_type=\"heading.default\"><div class=\"elementor-widget-container\"><h3 class=\"elementor-heading-title elementor-size-medium\">3. Visita ao site<\/h3><\/div><\/div><div class=\"elementor-element elementor-element-23669144 elementor-widget elementor-widget-text-editor\" data-id=\"23669144\" data-element_type=\"widget\" data-widget_type=\"text-editor.default\"><div class=\"elementor-widget-container\"><ol><li aria-level=\"2\">Os dados gerais do visitante s\u00e3o mantidos no site https:\/\/www.corpusgratus.com, incluindo o endere\u00e7o IP do seu computador e o tempo de recupera\u00e7\u00e3o e os dados que o seu navegador envia. Esses dados s\u00e3o usados \u200b\u200bpara an\u00e1lises de comportamento de visitas e cliques no site. usa essas informa\u00e7\u00f5es para melhorar o funcionamento do site. Esses dados s\u00e3o tornados an\u00f4nimos tanto quanto poss\u00edvel e n\u00e3o s\u00e3o fornecidos a terceiros.<\/li><li aria-level=\"2\">Nosso site usa o Google Analytics para rastrear como os usu\u00e1rios usam o site e a efic\u00e1cia dos an\u00fancios do Adwords da Corpus Gratus nas p\u00e1ginas de resultados de pesquisa do Google.\u00a0<\/li><li aria-level=\"2\">As informa\u00e7\u00f5es assim obtidas, incluindo o endere\u00e7o do seu computador (endere\u00e7o IP), s\u00e3o transferidas e armazenadas pelo Google em servidores nos Estados Unidos. Leia a pol\u00edtica de privacidade do Google para obter mais informa\u00e7\u00f5es. Voc\u00ea tamb\u00e9m encontrar\u00e1 a pol\u00edtica de privacidade do Google Analytics aqui.<\/li><li aria-level=\"2\">O Google usa essas informa\u00e7\u00f5es para rastrear como nosso site \u00e9 usado, para fornecer relat\u00f3rios sobre o site para a Corpus Gratus e para fornecer aos seus anunciantes informa\u00e7\u00f5es sobre a efic\u00e1cia de suas campanhas. O Google pode fornecer essas informa\u00e7\u00f5es a terceiros se o Google for legalmente obrigado a faz\u00ea-lo ou na medida em que esses terceiros processem as informa\u00e7\u00f5es em nome do Google. Corpus Gratus n\u00e3o tem influ\u00eancia sobre isso.<\/li><li aria-level=\"2\">Corpus Gratus n\u00e3o deu permiss\u00e3o ao Google para usar as informa\u00e7\u00f5es do Analytics obtidas por meio dela para outros servi\u00e7os do Google.<\/li><\/ol><p>\u00a0<\/p><\/div><\/div><\/div><\/div><\/div><\/section><section class=\"elementor-section elementor-inner-section elementor-element elementor-element-8bbb4e7 elementor-section-boxed elementor-section-height-default elementor-section-height-default\" data-id=\"8bbb4e7\" data-element_type=\"section\"><div class=\"elementor-container elementor-column-gap-default\"><div class=\"elementor-column elementor-col-100 elementor-inner-column elementor-element elementor-element-351e0861\" data-id=\"351e0861\" data-element_type=\"column\"><div class=\"elementor-widget-wrap elementor-element-populated\"><div class=\"elementor-element elementor-element-1d9fab38 elementor-widget elementor-widget-heading\" data-id=\"1d9fab38\" data-element_type=\"widget\" data-widget_type=\"heading.default\"><div class=\"elementor-widget-container\"><h3 class=\"elementor-heading-title elementor-size-medium\">4. Seguran\u00e7a<\/h3><\/div><\/div><div class=\"elementor-element elementor-element-73728e4f elementor-widget elementor-widget-text-editor\" data-id=\"73728e4f\" data-element_type=\"widget\" data-widget_type=\"text-editor.default\"><div class=\"elementor-widget-container\"><ol><li aria-level=\"2\">Corpus Gratus leva a s\u00e9rio a prote\u00e7\u00e3o de seus dados e toma as medidas adequadas para evitar o uso indevido, perda, acesso n\u00e3o autorizado, divulga\u00e7\u00e3o indesejada e modifica\u00e7\u00e3o n\u00e3o autorizada.<\/li><li aria-level=\"2\">O site usa um certificado SSL confi\u00e1vel para garantir que seus dados pessoais n\u00e3o caiam em m\u00e3os erradas.<\/li><li aria-level=\"2\">Se tiver a impress\u00e3o de que os seus dados n\u00e3o est\u00e3o devidamente protegidos ou houver ind\u00edcios de uso indevido, ou se desejar mais informa\u00e7\u00f5es sobre a seguran\u00e7a dos dados pessoais recolhidos, contacte-nos atrav\u00e9s de info@corpus-gratus.com.<\/li><\/ol><\/div><\/div><\/div><\/div><\/div><\/section>\t\t\t\t\t\t\t\t<\/div>\n\t\t\t\t<\/div>\n\t\t\t\t\t<\/div>\n\t\t<\/div>\n\t\t\t\t\t<\/div>\n\t\t<\/section>\n\t\t\t\t<\/div>","protected":false},"excerpt":{"rendered":"<p>A Corpus Gratus, localizada em Herengracht 213 &#8211; II, 1016 BG Amsterdam, \u00e9 respons\u00e1vel pelo processamento de dados pessoais conforme mostrado nesta declara\u00e7\u00e3o de privacidade. Nossas informa\u00e7\u00f5es de contato: Corpus Gratus https:\/\/www.corpusgratus.com Herengracht 213 &#8211; II, 1016 BG Amsterdam, The Netherlands +31 6 119 988 13 k.v.k.: 77666593 Btw id: NL003221815B45 \u00a0 1. Sua privacidade Para um bom tratamento \u00e9 necess\u00e1rio que eu, como seu terapeuta respons\u00e1vel, crie um arquivo. Esta \u00e9 uma obriga\u00e7\u00e3o legal imposta pela WGBO (Medical Treatment Agreement Act). Seu arquivo cont\u00e9m notas sobre sua sa\u00fade e dados sobre exames e tratamentos realizados. O arquivo tamb\u00e9m inclui informa\u00e7\u00f5es que s\u00e3o necess\u00e1rias para o seu tratamento ou que eu, ap\u00f3s sua permiss\u00e3o expl\u00edcita, solicitei a outro provedor de sa\u00fade ou que voc\u00ea mesmo forneceu. Garantimos a sua privacidade ao:&#8211; Tratamos seus dados pessoais e m\u00e9dicos com cuidado;&#8211; Como seu terapeuta respons\u00e1vel pelo tratamento, s\u00f3 eu tenho acesso aos dados de seu arquivo. Tenho o dever legal de sigilo (sigilo profissional). Os dados do seu arquivo tamb\u00e9m podem ser usados \u200b\u200bpara os seguintes fins:&#8211; Para informar outros profissionais de sa\u00fade, por exemplo, quando a terapia for conclu\u00edda ou no caso de encaminhamento para outro m\u00e9dico. Isso s\u00f3 acontece com sua permiss\u00e3o expl\u00edcita.&#8211; Para recomendar ervas e \/ ou suplementos na Farm\u00e1cia Natural.&#8211; Nome, endere\u00e7o, local de resid\u00eancia e data de nascimento s\u00e3o usados \u200b\u200bpara a administra\u00e7\u00e3o financeira, para que eu ou a minha administra\u00e7\u00e3o possamos emitir uma fatura. Se voc\u00ea der permiss\u00e3o para isso no acordo de tratamento (voc\u00ea o assina antes do primeiro tratamento).&#8211; Para uso an\u00f4nimo durante a revis\u00e3o por pares.&#8211; Para uso an\u00f4nimo para fins de treinamento (durante est\u00e1gios e \/ ou nas minhas aulas (digitais)). Se eu quiser usar seus dados por qualquer outro motivo, primeiro irei inform\u00e1-lo e pedir explicitamente seu consentimento. Esses dados no arquivo do cliente s\u00e3o mantidos por 20 anos, conforme exigido pela Lei do Contrato de Tratamento M\u00e9dico (WGBO). Os dados s\u00e3o exclu\u00eddos automaticamente 20 anos ap\u00f3s o \u00faltimo tratamento. Voc\u00ea tem o direito de ver esses dados, de fazer com que sejam ajustados ou, por meio de um pedido por escrito, de remov\u00ea-los com anteced\u00eancia. Se voc\u00ea tiver uma reclama\u00e7\u00e3o sobre como eu lido com dados pessoais e m\u00e9dicos e n\u00e3o pudermos resolver isso juntos, voc\u00ea tem a op\u00e7\u00e3o de enviar uma reclama\u00e7\u00e3o \u00e0 Autoridade de Prote\u00e7\u00e3o de Dados Holandesa. \u00a0 2. Privacidade na sua fatura As seguintes informa\u00e7\u00f5es est\u00e3o inclu\u00eddas na fatura \/ conta de atendimento que voc\u00ea recebe:&#8211; Seu nome, endere\u00e7o e local de resid\u00eancia&#8211; A data do tratamento&#8211; Uma breve descri\u00e7\u00e3o do tratamento, por exemplo &#8216;Tratamento Florais de Bach&#8217;&#8211; Os custos da consulta e \/ ou ervas ou suplementos \u00a0 3. Visita ao site Os dados gerais do visitante s\u00e3o mantidos no site https:\/\/www.corpusgratus.com, incluindo o endere\u00e7o IP do seu computador e o tempo de recupera\u00e7\u00e3o e os dados que o seu navegador envia. Esses dados s\u00e3o usados \u200b\u200bpara an\u00e1lises de comportamento de visitas e cliques no site. usa essas informa\u00e7\u00f5es para melhorar o funcionamento do site. Esses dados s\u00e3o tornados an\u00f4nimos tanto quanto poss\u00edvel e n\u00e3o s\u00e3o fornecidos a terceiros. Nosso site usa o Google Analytics para rastrear como os usu\u00e1rios usam o site e a efic\u00e1cia dos an\u00fancios do Adwords da Corpus Gratus nas p\u00e1ginas de resultados de pesquisa do Google.\u00a0 As informa\u00e7\u00f5es assim obtidas, incluindo o endere\u00e7o do seu computador (endere\u00e7o IP), s\u00e3o transferidas e armazenadas pelo Google em servidores nos Estados Unidos. Leia a pol\u00edtica de privacidade do Google para obter mais informa\u00e7\u00f5es. Voc\u00ea tamb\u00e9m encontrar\u00e1 a pol\u00edtica de privacidade do Google Analytics aqui. O Google usa essas informa\u00e7\u00f5es para rastrear como nosso site \u00e9 usado, para fornecer relat\u00f3rios sobre o site para a Corpus Gratus e para fornecer aos seus anunciantes informa\u00e7\u00f5es sobre a efic\u00e1cia de suas campanhas. O Google pode fornecer essas informa\u00e7\u00f5es a terceiros se o Google for legalmente obrigado a faz\u00ea-lo ou na medida em que esses terceiros processem as informa\u00e7\u00f5es em nome do Google. Corpus Gratus n\u00e3o tem influ\u00eancia sobre isso. Corpus Gratus n\u00e3o deu permiss\u00e3o ao Google para usar as informa\u00e7\u00f5es do Analytics obtidas por meio dela para outros servi\u00e7os do Google. \u00a0 4. Seguran\u00e7a Corpus Gratus leva a s\u00e9rio a prote\u00e7\u00e3o de seus dados e toma as medidas adequadas para evitar o uso indevido, perda, acesso n\u00e3o autorizado, divulga\u00e7\u00e3o indesejada e modifica\u00e7\u00e3o n\u00e3o autorizada. O site usa um certificado SSL confi\u00e1vel para garantir que seus dados pessoais n\u00e3o caiam em m\u00e3os erradas. Se tiver a impress\u00e3o de que os seus dados n\u00e3o est\u00e3o devidamente protegidos ou houver ind\u00edcios de uso indevido, ou se desejar mais informa\u00e7\u00f5es sobre a seguran\u00e7a dos dados pessoais recolhidos, contacte-nos atrav\u00e9s de info@corpus-gratus.com.<\/p>","protected":false},"author":1,"featured_media":0,"parent":0,"menu_order":0,"comment_status":"closed","ping_status":"open","template":"","meta":{"footnotes":""},"class_list":["post-3","page","type-page","status-publish","hentry"],"aioseo_notices":[],"_links":{"self":[{"href":"https:\/\/corpusgratus.com\/en\/wp-json\/wp\/v2\/pages\/3","targetHints":{"allow":["GET"]}}],"collection":[{"href":"https:\/\/corpusgratus.com\/en\/wp-json\/wp\/v2\/pages"}],"about":[{"href":"https:\/\/corpusgratus.com\/en\/wp-json\/wp\/v2\/types\/page"}],"author":[{"embeddable":true,"href":"https:\/\/corpusgratus.com\/en\/wp-json\/wp\/v2\/users\/1"}],"replies":[{"embeddable":true,"href":"https:\/\/corpusgratus.com\/en\/wp-json\/wp\/v2\/comments?post=3"}],"version-history":[{"count":4,"href":"https:\/\/corpusgratus.com\/en\/wp-json\/wp\/v2\/pages\/3\/revisions"}],"predecessor-version":[{"id":3344,"href":"https:\/\/corpusgratus.com\/en\/wp-json\/wp\/v2\/pages\/3\/revisions\/3344"}],"wp:attachment":[{"href":"https:\/\/corpusgratus.com\/en\/wp-json\/wp\/v2\/media?parent=3"}],"curies":[{"name":"wp","href":"https:\/\/api.w.org\/{rel}","templated":true}]}}