{"id":1739,"date":"2022-02-12T15:07:24","date_gmt":"2022-02-12T18:07:24","guid":{"rendered":"https:\/\/corpusgratus.com\/?page_id=1739"},"modified":"2022-03-30T19:49:00","modified_gmt":"2022-03-30T17:49:00","slug":"termos-condicoes","status":"publish","type":"page","link":"https:\/\/corpusgratus.com\/en\/termos-condicoes\/","title":{"rendered":"Terms and conditions"},"content":{"rendered":"<div data-elementor-type=\"wp-page\" data-elementor-id=\"1739\" class=\"elementor elementor-1739\" data-elementor-post-type=\"page\">\n\t\t\t\t\t\t<section class=\"elementor-section elementor-top-section elementor-element elementor-element-249e2ed0 elementor-section-full_width elementor-section-height-default elementor-section-height-default\" data-id=\"249e2ed0\" data-element_type=\"section\">\n\t\t\t\t\t\t<div class=\"elementor-container elementor-column-gap-no\">\n\t\t\t\t\t<div class=\"elementor-column elementor-col-100 elementor-top-column elementor-element elementor-element-47000170\" data-id=\"47000170\" data-element_type=\"column\">\n\t\t\t<div class=\"elementor-widget-wrap elementor-element-populated\">\n\t\t\t\t\t\t<div class=\"elementor-element elementor-element-3dedc96c elementor-widget elementor-widget-shortcode\" data-id=\"3dedc96c\" data-element_type=\"widget\" data-widget_type=\"shortcode.default\">\n\t\t\t\t<div class=\"elementor-widget-container\">\n\t\t\t\t\t\t\t<div class=\"elementor-shortcode\"><\/div>\n\t\t\t\t\t\t<\/div>\n\t\t\t\t<\/div>\n\t\t\t\t\t<\/div>\n\t\t<\/div>\n\t\t\t\t\t<\/div>\n\t\t<\/section>\n\t\t\t\t<section class=\"elementor-section elementor-top-section elementor-element elementor-element-52e004a1 elementor-section-full_width elementor-section-height-default elementor-section-height-default\" data-id=\"52e004a1\" data-element_type=\"section\">\n\t\t\t\t\t\t<div class=\"elementor-container elementor-column-gap-no\">\n\t\t\t\t\t<div class=\"elementor-column elementor-col-100 elementor-top-column elementor-element elementor-element-53b7a761\" data-id=\"53b7a761\" data-element_type=\"column\">\n\t\t\t<div class=\"elementor-widget-wrap elementor-element-populated\">\n\t\t\t\t\t\t<div class=\"elementor-element elementor-element-a8cfb19 elementor-widget elementor-widget-shortcode\" data-id=\"a8cfb19\" data-element_type=\"widget\" data-widget_type=\"shortcode.default\">\n\t\t\t\t<div class=\"elementor-widget-container\">\n\t\t\t\t\t\t\t<div class=\"elementor-shortcode\">\t\t<div data-elementor-type=\"page\" data-elementor-id=\"729\" class=\"elementor elementor-729\" data-elementor-post-type=\"elementor_library\">\n\t\t\t\t\t\t<section class=\"elementor-section elementor-top-section elementor-element elementor-element-e52a42e elementor-section-boxed elementor-section-height-default elementor-section-height-default\" data-id=\"e52a42e\" data-element_type=\"section\">\n\t\t\t\t\t\t<div class=\"elementor-container elementor-column-gap-wide\">\n\t\t\t\t\t<div class=\"elementor-column elementor-col-100 elementor-top-column elementor-element elementor-element-97260e4\" data-id=\"97260e4\" data-element_type=\"column\">\n\t\t\t<div class=\"elementor-widget-wrap elementor-element-populated\">\n\t\t\t\t\t\t<div class=\"elementor-element elementor-element-e1a0c31 elementor-widget elementor-widget-woocommerce-breadcrumb\" data-id=\"e1a0c31\" data-element_type=\"widget\" data-widget_type=\"woocommerce-breadcrumb.default\">\n\t\t\t\t<div class=\"elementor-widget-container\">\n\t\t\t\t\t<nav class=\"woocommerce-breadcrumb\" aria-label=\"Breadcrumb\">Home<\/nav>\t\t\t\t<\/div>\n\t\t\t\t<\/div>\n\t\t\t\t\t<\/div>\n\t\t<\/div>\n\t\t\t\t\t<\/div>\n\t\t<\/section>\n\t\t\t\t<\/div>\n\t\t<\/div>\n\t\t\t\t\t\t<\/div>\n\t\t\t\t<\/div>\n\t\t\t\t\t<\/div>\n\t\t<\/div>\n\t\t\t\t\t<\/div>\n\t\t<\/section>\n\t\t\t\t<section class=\"elementor-section elementor-top-section elementor-element elementor-element-c070fee elementor-section-boxed elementor-section-height-default elementor-section-height-default\" data-id=\"c070fee\" data-element_type=\"section\">\n\t\t\t\t\t\t<div class=\"elementor-container elementor-column-gap-default\">\n\t\t\t\t\t<div class=\"elementor-column elementor-col-100 elementor-top-column elementor-element elementor-element-a33b4d3\" data-id=\"a33b4d3\" data-element_type=\"column\">\n\t\t\t<div class=\"elementor-widget-wrap elementor-element-populated\">\n\t\t\t\t\t\t<div class=\"elementor-element elementor-element-3b4ed4b elementor-widget elementor-widget-text-editor\" data-id=\"3b4ed4b\" data-element_type=\"widget\" data-widget_type=\"text-editor.default\">\n\t\t\t\t<div class=\"elementor-widget-container\">\n\t\t\t\t\t\t\t\t\t<section class=\"elementor-section elementor-inner-section elementor-element elementor-element-1a878827 elementor-section-boxed elementor-section-height-default elementor-section-height-default\" data-id=\"1a878827\" data-element_type=\"section\"><div class=\"elementor-container elementor-column-gap-default\"><div class=\"elementor-column elementor-col-100 elementor-inner-column elementor-element elementor-element-36001da3\" data-id=\"36001da3\" data-element_type=\"column\"><div class=\"elementor-widget-wrap elementor-element-populated\"><div class=\"elementor-element elementor-element-3e4f7b2 elementor-widget elementor-widget-heading\" data-id=\"3e4f7b2\" data-element_type=\"widget\" data-widget_type=\"heading.default\"><div class=\"elementor-widget-container\"><h3 class=\"elementor-heading-title elementor-size-medium\">\u00cdndice<\/h3><\/div><\/div><div class=\"elementor-element elementor-element-79d39554 elementor-widget elementor-widget-text-editor\" data-id=\"79d39554\" data-element_type=\"widget\" data-widget_type=\"text-editor.default\"><div class=\"elementor-widget-container\"><ol><li>General<\/li><li>Tratamentos<\/li><li>Responsabilidade<\/li><li>Reclama\u00e7\u00f5es<\/li><li>Processamento de dados<\/li><\/ol><\/div><\/div><\/div><\/div><\/div><\/section><section class=\"elementor-section elementor-inner-section elementor-element elementor-element-20feeed elementor-section-boxed elementor-section-height-default elementor-section-height-default\" data-id=\"20feeed\" data-element_type=\"section\"><div class=\"elementor-container elementor-column-gap-default\"><div class=\"elementor-column elementor-col-100 elementor-inner-column elementor-element elementor-element-ef587d6\" data-id=\"ef587d6\" data-element_type=\"column\"><div class=\"elementor-widget-wrap elementor-element-populated\"><div id=\"algemeen\" class=\"elementor-element elementor-element-b3e035b elementor-widget elementor-widget-heading\" data-id=\"b3e035b\" data-element_type=\"widget\" data-widget_type=\"heading.default\"><div class=\"elementor-widget-container\"><h3 class=\"elementor-heading-title elementor-size-medium\">1. Em geral<\/h3><\/div><\/div><div class=\"elementor-element elementor-element-99cf32d elementor-widget elementor-widget-text-editor\" data-id=\"99cf32d\" data-element_type=\"widget\" data-widget_type=\"text-editor.default\"><div class=\"elementor-widget-container\"><ol><li>Durante a entrevista inicial, o terapeuta explicar\u00e1 ao cliente sobre o tratamento e os efeitos esperados;<\/li><li>Antes ou durante o primeiro tratamento, o cliente fornecer\u00e1 informa\u00e7\u00f5es sobre:<br \/>&#8211; a queixa principal;<br \/>&#8211; sa\u00fade e hist\u00f3ria m\u00e9dica;<br \/>&#8211; ser tratado por um m\u00e9dico, especialista ou terapeuta e para qual queixa \/ condi\u00e7\u00e3o;<br \/>&#8211; os medicamentos usados;<\/li><li>Durante o per\u00edodo de tratamento, o cliente informar\u00e1 ao terapeuta sobre quaisquer altera\u00e7\u00f5es que ocorram em rela\u00e7\u00e3o \u00e0s informa\u00e7\u00f5es fornecidas anteriormente;<\/li><li>Ao efetuar o pagamento dos tratamentos, assumimos que o cliente concorda com os termos e condi\u00e7\u00f5es e a pol\u00edtica de privacidade. Ambos podem ser acessados pelo site da Corpus Gratus;<\/li><li>Se o cliente estiver sendo tratado por um m\u00e9dico, especialista ou terapeuta, o cliente perguntar\u00e1 se o tratamento desejado se encaixa no plano de tratamento;<\/li><li>Os tratamentos fornecidos n\u00e3o substitui o atendimento m\u00e9dico regular. Se o cliente estiver sendo tratado por um m\u00e9dico, especialista ou terapeuta, ele \/ ela tamb\u00e9m permanecer\u00e1 sob a supervis\u00e3o desse m\u00e9dico durante o per\u00edodo de tratamento e o cliente cumprir\u00e1 a medica\u00e7\u00e3o prescrita e as orienta\u00e7\u00f5es.<\/li><\/ol><p>\u00a0<\/p><\/div><\/div><\/div><\/div><\/div><\/section><section class=\"elementor-section elementor-inner-section elementor-element elementor-element-132a5a0 elementor-section-boxed elementor-section-height-default elementor-section-height-default\" data-id=\"132a5a0\" data-element_type=\"section\"><div class=\"elementor-container elementor-column-gap-default\"><div class=\"elementor-column elementor-col-100 elementor-inner-column elementor-element elementor-element-2f8b39b\" data-id=\"2f8b39b\" data-element_type=\"column\"><div class=\"elementor-widget-wrap elementor-element-populated\"><div id=\"behandelingen\" class=\"elementor-element elementor-element-fb54b38 elementor-widget elementor-widget-heading\" data-id=\"fb54b38\" data-element_type=\"widget\" data-widget_type=\"heading.default\"><div class=\"elementor-widget-container\"><h3 class=\"elementor-heading-title elementor-size-medium\">2. Tratamentos<\/h3><\/div><\/div><div class=\"elementor-element elementor-element-9c660e9 elementor-widget elementor-widget-text-editor\" data-id=\"9c660e9\" data-element_type=\"widget\" data-widget_type=\"text-editor.default\"><div class=\"elementor-widget-container\"><ol><li>O cliente solicita uma consulta por whatsapp, e-mail ou atrav\u00e9s do site. A consulta ser\u00e1 confirmada por e-mail e 1 dia antes da consulta o cliente receber\u00e1 um lembrete.<\/li><li>Durante a primeira consulta, as queixas e desejos do cliente s\u00e3o tra\u00e7ados em um plano de tratamento pelo terapeuta, que pode consistir em v\u00e1rias sess\u00f5es de tratamento;<\/li><li>O cliente concorda com as taxas atuais para uma sess\u00e3o de tratamento. As taxas podem variar de acordo com o tratamento e a dura\u00e7\u00e3o do tratamento. Isso \u00e9 sempre discutido com o cliente antes do tratamento;<\/li><li>O pagamento deve ser feito antes do tratamento pelo site ou conforme combinado com o terapeuta.<\/li><li>O cancelamento de uma consulta \u00e9 poss\u00edvel gratuitamente at\u00e9 24 horas antes da hora marcada. Em caso de cancelamento com menos de 24 horas de anteced\u00eancia ou n\u00e3o comparecimento ao agendamento, n\u00e3o ser\u00e1 efetuada a devolu\u00e7\u00e3o do pagamento referente \u00e0 sess\u00e3o.<\/li><\/ol><p>\u00a0<\/p><\/div><\/div><\/div><\/div><\/div><\/section><section class=\"elementor-section elementor-inner-section elementor-element elementor-element-eecf57f elementor-section-boxed elementor-section-height-default elementor-section-height-default\" data-id=\"eecf57f\" data-element_type=\"section\"><div class=\"elementor-container elementor-column-gap-default\"><div class=\"elementor-column elementor-col-100 elementor-inner-column elementor-element elementor-element-b27ed5a\" data-id=\"b27ed5a\" data-element_type=\"column\"><div class=\"elementor-widget-wrap elementor-element-populated\"><div id=\"aansprakelijkheid\" class=\"elementor-element elementor-element-217f5ef elementor-widget elementor-widget-heading\" data-id=\"217f5ef\" data-element_type=\"widget\" data-widget_type=\"heading.default\"><div class=\"elementor-widget-container\"><h3 class=\"elementor-heading-title elementor-size-medium\">3. Responsabilidade<\/h3><\/div><\/div><div class=\"elementor-element elementor-element-5f471b9 elementor-widget elementor-widget-text-editor\" data-id=\"5f471b9\" data-element_type=\"widget\" data-widget_type=\"text-editor.default\"><div class=\"elementor-widget-container\"><ol><li aria-level=\"2\">O cliente concorda em ser tratado por sua pr\u00f3pria conta e responsabilidade;<\/li><li aria-level=\"2\">O terapeuta n\u00e3o se responsabiliza por danos e \/ ou les\u00f5es resultantes da reten\u00e7\u00e3o de informa\u00e7\u00f5es m\u00e9dicas pelo cliente, como dist\u00farbios f\u00edsicos e \/ ou mentais, les\u00f5es e uso de medicamentos;<\/li><li aria-level=\"2\">O terapeuta n\u00e3o fornece garantia m\u00e9dica e n\u00e3o \u00e9 respons\u00e1vel por complica\u00e7\u00f5es (m\u00e9dicas) que ocorram durante ou ap\u00f3s o tratamento com o cliente, que n\u00e3o sejam devidas a defici\u00eancias graves atribu\u00edveis por parte do terapeuta. O terapeuta n\u00e3o \u00e9 de forma alguma respons\u00e1vel por danos m\u00e9dicos.<\/li><\/ol><p>\u00a0<\/p><\/div><\/div><\/div><\/div><\/div><\/section><section class=\"elementor-section elementor-inner-section elementor-element elementor-element-7ad5140 elementor-section-boxed elementor-section-height-default elementor-section-height-default\" data-id=\"7ad5140\" data-element_type=\"section\"><div class=\"elementor-container elementor-column-gap-default\"><div class=\"elementor-column elementor-col-100 elementor-inner-column elementor-element elementor-element-468d4c3\" data-id=\"468d4c3\" data-element_type=\"column\"><div class=\"elementor-widget-wrap elementor-element-populated\"><div id=\"klachten\" class=\"elementor-element elementor-element-87ae297 elementor-widget elementor-widget-heading\" data-id=\"87ae297\" data-element_type=\"widget\" data-widget_type=\"heading.default\"><div class=\"elementor-widget-container\"><h3 class=\"elementor-heading-title elementor-size-medium\">4. Reclama\u00e7\u00f5es<\/h3><\/div><\/div><div class=\"elementor-element elementor-element-0e75cd9 elementor-widget elementor-widget-text-editor\" data-id=\"0e75cd9\" data-element_type=\"widget\" data-widget_type=\"text-editor.default\"><div class=\"elementor-widget-container\"><ol><li aria-level=\"2\">Se o cliente tiver alguma reclama\u00e7\u00e3o sobre o terapeuta e \/ ou os tratamentos, ele deve discutir isso com o terapeuta.<\/li><li aria-level=\"2\">Caso o terapeuta e o cliente n\u00e3o entrarem em um acordo, o cliente pode explicar a situa\u00e7\u00e3o por escrito e enviar para info@corpus-gratus.com.<\/li><\/ol><p>\u00a0<\/p><\/div><\/div><\/div><\/div><\/div><\/section><section class=\"elementor-section elementor-inner-section elementor-element elementor-element-48bb66f elementor-section-boxed elementor-section-height-default elementor-section-height-default\" data-id=\"48bb66f\" data-element_type=\"section\"><div class=\"elementor-container elementor-column-gap-default\"><div class=\"elementor-column elementor-col-100 elementor-inner-column elementor-element elementor-element-1d7f6cd\" data-id=\"1d7f6cd\" data-element_type=\"column\"><div class=\"elementor-widget-wrap elementor-element-populated\"><div id=\"verwerking-van-gegevens\" class=\"elementor-element elementor-element-898effb elementor-widget elementor-widget-heading\" data-id=\"898effb\" data-element_type=\"widget\" data-widget_type=\"heading.default\"><div class=\"elementor-widget-container\"><h2 class=\"elementor-heading-title elementor-size-medium\">5. Processamento de dados<\/h2><\/div><\/div><div class=\"elementor-element elementor-element-f9181ad elementor-widget elementor-widget-text-editor\" data-id=\"f9181ad\" data-element_type=\"widget\" data-widget_type=\"text-editor.default\"><div class=\"elementor-widget-container\"><ol><li>A pr\u00e1tica est\u00e1 em conformidade com a Lei AVG. A forma como os dados e privacidade do cliente s\u00e3o tratados \u00e9 declarada na\u00a0<a href=\"https:\/\/corpusgratus.com\/en\/politica-de-privacidade\/\">Privacy policy<\/a>\u00a0que pode ser encontrada no site.<\/li><\/ol><\/div><\/div><\/div><\/div><\/div><\/section>\t\t\t\t\t\t\t\t<\/div>\n\t\t\t\t<\/div>\n\t\t\t\t\t<\/div>\n\t\t<\/div>\n\t\t\t\t\t<\/div>\n\t\t<\/section>\n\t\t\t\t<\/div>","protected":false},"excerpt":{"rendered":"<p>\u00cdndice Em geral Tratamentos Responsabilidade Reclama\u00e7\u00f5es Processamento de dados 1. Em geral Durante a entrevista inicial, o terapeuta explicar\u00e1 ao cliente sobre o tratamento e os efeitos esperados; Antes ou durante o primeiro tratamento, o cliente fornecer\u00e1 informa\u00e7\u00f5es sobre:&#8211; a queixa principal;&#8211; sa\u00fade e hist\u00f3ria m\u00e9dica;&#8211; ser tratado por um m\u00e9dico, especialista ou terapeuta e para qual queixa \/ condi\u00e7\u00e3o;&#8211; os medicamentos usados; Durante o per\u00edodo de tratamento, o cliente informar\u00e1 ao terapeuta sobre quaisquer altera\u00e7\u00f5es que ocorram em rela\u00e7\u00e3o \u00e0s informa\u00e7\u00f5es fornecidas anteriormente; Ao efetuar o pagamento dos tratamentos, assumimos que o cliente concorda com os termos e condi\u00e7\u00f5es e a pol\u00edtica de privacidade. Ambos podem ser acessados pelo site da Corpus Gratus; Se o cliente estiver sendo tratado por um m\u00e9dico, especialista ou terapeuta, o cliente perguntar\u00e1 se o tratamento desejado se encaixa no plano de tratamento; Os tratamentos fornecidos n\u00e3o substitui o atendimento m\u00e9dico regular. Se o cliente estiver sendo tratado por um m\u00e9dico, especialista ou terapeuta, ele \/ ela tamb\u00e9m permanecer\u00e1 sob a supervis\u00e3o desse m\u00e9dico durante o per\u00edodo de tratamento e o cliente cumprir\u00e1 a medica\u00e7\u00e3o prescrita e as orienta\u00e7\u00f5es. \u00a0 2. Tratamentos O cliente solicita uma consulta por whatsapp, e-mail ou atrav\u00e9s do site. A consulta ser\u00e1 confirmada por e-mail e 1 dia antes da consulta o cliente receber\u00e1 um lembrete. Durante a primeira consulta, as queixas e desejos do cliente s\u00e3o tra\u00e7ados em um plano de tratamento pelo terapeuta, que pode consistir em v\u00e1rias sess\u00f5es de tratamento; O cliente concorda com as taxas atuais para uma sess\u00e3o de tratamento. As taxas podem variar de acordo com o tratamento e a dura\u00e7\u00e3o do tratamento. Isso \u00e9 sempre discutido com o cliente antes do tratamento; O pagamento deve ser feito antes do tratamento pelo site ou conforme combinado com o terapeuta. O cancelamento de uma consulta \u00e9 poss\u00edvel gratuitamente at\u00e9 24 horas antes da hora marcada. Em caso de cancelamento com menos de 24 horas de anteced\u00eancia ou n\u00e3o comparecimento ao agendamento, n\u00e3o ser\u00e1 efetuada a devolu\u00e7\u00e3o do pagamento referente \u00e0 sess\u00e3o. \u00a0 3. Responsabilidade O cliente concorda em ser tratado por sua pr\u00f3pria conta e responsabilidade; O terapeuta n\u00e3o se responsabiliza por danos e \/ ou les\u00f5es resultantes da reten\u00e7\u00e3o de informa\u00e7\u00f5es m\u00e9dicas pelo cliente, como dist\u00farbios f\u00edsicos e \/ ou mentais, les\u00f5es e uso de medicamentos; O terapeuta n\u00e3o fornece garantia m\u00e9dica e n\u00e3o \u00e9 respons\u00e1vel por complica\u00e7\u00f5es (m\u00e9dicas) que ocorram durante ou ap\u00f3s o tratamento com o cliente, que n\u00e3o sejam devidas a defici\u00eancias graves atribu\u00edveis por parte do terapeuta. O terapeuta n\u00e3o \u00e9 de forma alguma respons\u00e1vel por danos m\u00e9dicos. \u00a0 4. Reclama\u00e7\u00f5es Se o cliente tiver alguma reclama\u00e7\u00e3o sobre o terapeuta e \/ ou os tratamentos, ele deve discutir isso com o terapeuta. Caso o terapeuta e o cliente n\u00e3o entrarem em um acordo, o cliente pode explicar a situa\u00e7\u00e3o por escrito e enviar para info@corpus-gratus.com. \u00a0 5. Processamento de dados A pr\u00e1tica est\u00e1 em conformidade com a Lei AVG. A forma como os dados e privacidade do cliente s\u00e3o tratados \u00e9 declarada na\u00a0Pol\u00edtica de Privacidade\u00a0que pode ser encontrada no site.<\/p>","protected":false},"author":1,"featured_media":0,"parent":0,"menu_order":0,"comment_status":"closed","ping_status":"closed","template":"","meta":{"footnotes":""},"class_list":["post-1739","page","type-page","status-publish","hentry"],"aioseo_notices":[],"_links":{"self":[{"href":"https:\/\/corpusgratus.com\/en\/wp-json\/wp\/v2\/pages\/1739","targetHints":{"allow":["GET"]}}],"collection":[{"href":"https:\/\/corpusgratus.com\/en\/wp-json\/wp\/v2\/pages"}],"about":[{"href":"https:\/\/corpusgratus.com\/en\/wp-json\/wp\/v2\/types\/page"}],"author":[{"embeddable":true,"href":"https:\/\/corpusgratus.com\/en\/wp-json\/wp\/v2\/users\/1"}],"replies":[{"embeddable":true,"href":"https:\/\/corpusgratus.com\/en\/wp-json\/wp\/v2\/comments?post=1739"}],"version-history":[{"count":10,"href":"https:\/\/corpusgratus.com\/en\/wp-json\/wp\/v2\/pages\/1739\/revisions"}],"predecessor-version":[{"id":3340,"href":"https:\/\/corpusgratus.com\/en\/wp-json\/wp\/v2\/pages\/1739\/revisions\/3340"}],"wp:attachment":[{"href":"https:\/\/corpusgratus.com\/en\/wp-json\/wp\/v2\/media?parent=1739"}],"curies":[{"name":"wp","href":"https:\/\/api.w.org\/{rel}","templated":true}]}}